{"id":688,"date":"2024-11-04T19:38:44","date_gmt":"2024-11-04T18:38:44","guid":{"rendered":"https:\/\/moduleworks.cz\/podnikani"},"modified":"2025-03-13T10:19:44","modified_gmt":"2025-03-13T09:19:44","slug":"unternehmen","status":"publish","type":"page","link":"https:\/\/moduleworks.cz\/de\/unternehmen","title":{"rendered":"Podnik\u00e1n\u00ed"},"content":{"rendered":"","protected":false},"excerpt":{"rendered":"","protected":false},"author":1,"featured_media":0,"parent":0,"menu_order":0,"comment_status":"closed","ping_status":"closed","template":"templates\/business.php","meta":{"_acf_changed":false,"inline_featured_image":false,"footnotes":""},"class_list":["post-688","page","type-page","status-publish","hentry"],"acf":[],"yoast_head":"<!-- This site is optimized with the Yoast SEO plugin v27.3 - https:\/\/yoast.com\/product\/yoast-seo-wordpress\/ -->\n<title>Modul\u00e1rn\u00ed d\u0159evostavby pro podnik\u00e1n\u00ed | Moduleworks<\/title>\n<meta name=\"description\" content=\"Modul\u00e1rn\u00ed d\u0159evostavby ModuleWorks p\u0159edstavuj\u00ed ide\u00e1ln\u00ed \u0159e\u0161en\u00ed pro developery, kte\u0159\u00ed hledaj\u00ed efektivn\u00ed a udr\u017eiteln\u00e1 stavebn\u00ed \u0159e\u0161en\u00ed\" \/>\n<meta name=\"robots\" content=\"index, follow, max-snippet:-1, max-image-preview:large, max-video-preview:-1\" \/>\n<link rel=\"canonical\" href=\"https:\/\/moduleworks.cz\/de\/unternehmen\" \/>\n<meta property=\"og:locale\" content=\"de_DE\" \/>\n<meta property=\"og:type\" content=\"article\" \/>\n<meta property=\"og:title\" content=\"Modul\u00e1rn\u00ed d\u0159evostavby pro podnik\u00e1n\u00ed | Moduleworks\" \/>\n<meta property=\"og:description\" content=\"Modul\u00e1rn\u00ed d\u0159evostavby ModuleWorks p\u0159edstavuj\u00ed ide\u00e1ln\u00ed \u0159e\u0161en\u00ed pro developery, kte\u0159\u00ed hledaj\u00ed efektivn\u00ed a udr\u017eiteln\u00e1 stavebn\u00ed \u0159e\u0161en\u00ed\" \/>\n<meta property=\"og:url\" content=\"https:\/\/moduleworks.cz\/de\/unternehmen\" \/>\n<meta property=\"og:site_name\" content=\"Module Works\" \/>\n<meta property=\"article:modified_time\" content=\"2025-03-13T09:19:44+00:00\" \/>\n<meta property=\"og:image\" content=\"https:\/\/moduleworks.cz\/wp-content\/uploads\/2024\/11\/realizace2.jpg\" \/>\n\t<meta property=\"og:image:width\" content=\"920\" \/>\n\t<meta property=\"og:image:height\" content=\"440\" \/>\n\t<meta property=\"og:image:type\" content=\"image\/jpeg\" \/>\n<meta name=\"twitter:card\" content=\"summary_large_image\" \/>\n<script type=\"application\/ld+json\" class=\"yoast-schema-graph\">{\"@context\":\"https:\\\/\\\/schema.org\",\"@graph\":[{\"@type\":\"WebPage\",\"@id\":\"https:\\\/\\\/moduleworks.cz\\\/de\\\/unternehmen\",\"url\":\"https:\\\/\\\/moduleworks.cz\\\/de\\\/unternehmen\",\"name\":\"Modul\u00e1rn\u00ed d\u0159evostavby pro podnik\u00e1n\u00ed | Moduleworks\",\"isPartOf\":{\"@id\":\"https:\\\/\\\/moduleworks.cz\\\/de#website\"},\"datePublished\":\"2024-11-04T18:38:44+00:00\",\"dateModified\":\"2025-03-13T09:19:44+00:00\",\"description\":\"Modul\u00e1rn\u00ed d\u0159evostavby ModuleWorks p\u0159edstavuj\u00ed ide\u00e1ln\u00ed \u0159e\u0161en\u00ed pro developery, kte\u0159\u00ed hledaj\u00ed efektivn\u00ed a udr\u017eiteln\u00e1 stavebn\u00ed \u0159e\u0161en\u00ed\",\"breadcrumb\":{\"@id\":\"https:\\\/\\\/moduleworks.cz\\\/de\\\/unternehmen#breadcrumb\"},\"inLanguage\":\"de\",\"potentialAction\":[{\"@type\":\"ReadAction\",\"target\":[\"https:\\\/\\\/moduleworks.cz\\\/de\\\/unternehmen\"]}]},{\"@type\":\"BreadcrumbList\",\"@id\":\"https:\\\/\\\/moduleworks.cz\\\/de\\\/unternehmen#breadcrumb\",\"itemListElement\":[{\"@type\":\"ListItem\",\"position\":1,\"name\":\"Dom\u016f\",\"item\":\"https:\\\/\\\/moduleworks.cz\\\/de\"},{\"@type\":\"ListItem\",\"position\":2,\"name\":\"Podnik\u00e1n\u00ed\"}]},{\"@type\":\"WebSite\",\"@id\":\"https:\\\/\\\/moduleworks.cz\\\/de#website\",\"url\":\"https:\\\/\\\/moduleworks.cz\\\/de\",\"name\":\"Module Works\",\"description\":\"V\u00e1\u0161 prostor, na\u0161e \u0159e\u0161en\u00ed\",\"potentialAction\":[{\"@type\":\"SearchAction\",\"target\":{\"@type\":\"EntryPoint\",\"urlTemplate\":\"https:\\\/\\\/moduleworks.cz\\\/de?s={search_term_string}\"},\"query-input\":{\"@type\":\"PropertyValueSpecification\",\"valueRequired\":true,\"valueName\":\"search_term_string\"}}],\"inLanguage\":\"de\"}]}<\/script>\n<!-- \/ Yoast SEO plugin. -->","yoast_head_json":{"title":"Modul\u00e1rn\u00ed d\u0159evostavby pro podnik\u00e1n\u00ed | Moduleworks","description":"Modul\u00e1rn\u00ed d\u0159evostavby ModuleWorks p\u0159edstavuj\u00ed ide\u00e1ln\u00ed \u0159e\u0161en\u00ed pro developery, kte\u0159\u00ed hledaj\u00ed efektivn\u00ed a udr\u017eiteln\u00e1 stavebn\u00ed \u0159e\u0161en\u00ed","robots":{"index":"index","follow":"follow","max-snippet":"max-snippet:-1","max-image-preview":"max-image-preview:large","max-video-preview":"max-video-preview:-1"},"canonical":"https:\/\/moduleworks.cz\/de\/unternehmen","og_locale":"de_DE","og_type":"article","og_title":"Modul\u00e1rn\u00ed d\u0159evostavby pro podnik\u00e1n\u00ed | Moduleworks","og_description":"Modul\u00e1rn\u00ed d\u0159evostavby ModuleWorks p\u0159edstavuj\u00ed ide\u00e1ln\u00ed \u0159e\u0161en\u00ed pro developery, kte\u0159\u00ed hledaj\u00ed efektivn\u00ed a udr\u017eiteln\u00e1 stavebn\u00ed \u0159e\u0161en\u00ed","og_url":"https:\/\/moduleworks.cz\/de\/unternehmen","og_site_name":"Module Works","article_modified_time":"2025-03-13T09:19:44+00:00","og_image":[{"width":920,"height":440,"url":"https:\/\/moduleworks.cz\/wp-content\/uploads\/2024\/11\/realizace2.jpg","type":"image\/jpeg"}],"twitter_card":"summary_large_image","schema":{"@context":"https:\/\/schema.org","@graph":[{"@type":"WebPage","@id":"https:\/\/moduleworks.cz\/de\/unternehmen","url":"https:\/\/moduleworks.cz\/de\/unternehmen","name":"Modul\u00e1rn\u00ed d\u0159evostavby pro podnik\u00e1n\u00ed | Moduleworks","isPartOf":{"@id":"https:\/\/moduleworks.cz\/de#website"},"datePublished":"2024-11-04T18:38:44+00:00","dateModified":"2025-03-13T09:19:44+00:00","description":"Modul\u00e1rn\u00ed d\u0159evostavby ModuleWorks p\u0159edstavuj\u00ed ide\u00e1ln\u00ed \u0159e\u0161en\u00ed pro developery, kte\u0159\u00ed hledaj\u00ed efektivn\u00ed a udr\u017eiteln\u00e1 stavebn\u00ed \u0159e\u0161en\u00ed","breadcrumb":{"@id":"https:\/\/moduleworks.cz\/de\/unternehmen#breadcrumb"},"inLanguage":"de","potentialAction":[{"@type":"ReadAction","target":["https:\/\/moduleworks.cz\/de\/unternehmen"]}]},{"@type":"BreadcrumbList","@id":"https:\/\/moduleworks.cz\/de\/unternehmen#breadcrumb","itemListElement":[{"@type":"ListItem","position":1,"name":"Dom\u016f","item":"https:\/\/moduleworks.cz\/de"},{"@type":"ListItem","position":2,"name":"Podnik\u00e1n\u00ed"}]},{"@type":"WebSite","@id":"https:\/\/moduleworks.cz\/de#website","url":"https:\/\/moduleworks.cz\/de","name":"Module Works","description":"V\u00e1\u0161 prostor, na\u0161e \u0159e\u0161en\u00ed","potentialAction":[{"@type":"SearchAction","target":{"@type":"EntryPoint","urlTemplate":"https:\/\/moduleworks.cz\/de?s={search_term_string}"},"query-input":{"@type":"PropertyValueSpecification","valueRequired":true,"valueName":"search_term_string"}}],"inLanguage":"de"}]}},"_links":{"self":[{"href":"https:\/\/moduleworks.cz\/de\/wp-json\/wp\/v2\/pages\/688","targetHints":{"allow":["GET"]}}],"collection":[{"href":"https:\/\/moduleworks.cz\/de\/wp-json\/wp\/v2\/pages"}],"about":[{"href":"https:\/\/moduleworks.cz\/de\/wp-json\/wp\/v2\/types\/page"}],"author":[{"embeddable":true,"href":"https:\/\/moduleworks.cz\/de\/wp-json\/wp\/v2\/users\/1"}],"replies":[{"embeddable":true,"href":"https:\/\/moduleworks.cz\/de\/wp-json\/wp\/v2\/comments?post=688"}],"version-history":[{"count":10,"href":"https:\/\/moduleworks.cz\/de\/wp-json\/wp\/v2\/pages\/688\/revisions"}],"predecessor-version":[{"id":1070,"href":"https:\/\/moduleworks.cz\/de\/wp-json\/wp\/v2\/pages\/688\/revisions\/1070"}],"wp:attachment":[{"href":"https:\/\/moduleworks.cz\/de\/wp-json\/wp\/v2\/media?parent=688"}],"curies":[{"name":"wp","href":"https:\/\/api.w.org\/{rel}","templated":true}]}}